{"id":52,"date":"2014-10-27T18:18:11","date_gmt":"2014-10-27T16:18:11","guid":{"rendered":"http:\/\/auf-achse-sein.de\/?page_id=52"},"modified":"2021-01-17T06:25:09","modified_gmt":"2021-01-17T05:25:09","slug":"klettern-verbindet","status":"publish","type":"page","link":"https:\/\/auf-achse-sein.de\/update-weltreise\/","title":{"rendered":"Klettern verbindet."},"content":{"rendered":"\n<p>Wir sind eine eher ungew\u00f6hnliche 5-k\u00f6pfige Familie, deren gro\u00dfe gemeinsame Hobbys das Klettern und das Reisen sind.&nbsp;Diese Hobbys f\u00fchren uns nicht nur quer durch Deutschland, sondern mehr oder weniger rund um den Globus \u2013 immer auf der Suche nach neuen Erfahrungen und kleinen Abenteuern.<\/p>\n\n\n\n<div class=\"wp-container-10 wp-block-columns\">\n<div class=\"wp-container-9 wp-block-column\" style=\"flex-basis:100%\">\n<div class=\"wp-container-8 wp-block-columns\">\n<div class=\"wp-container-7 wp-block-column\" style=\"flex-basis:100%\">\n<div class=\"wp-container-6 wp-block-group\"><div class=\"wp-block-group__inner-container\">\n<div class=\"wp-container-5 wp-block-columns\">\n<div class=\"wp-container-4 wp-block-column\" style=\"flex-basis:100%\">\n<div class=\"wp-container-3 wp-block-group\"><div class=\"wp-block-group__inner-container\">\n<figure class=\"wp-container-2 wp-block-gallery-1 wp-block-gallery columns-3 is-cropped\"><ul class=\"blocks-gallery-grid\"><li class=\"blocks-gallery-item\"><figure><a href=\"https:\/\/auf-achse-sein.de\/sommer_2018\/\" target=\"blank\" rel=\"noopener\"><img width=\"720\" height=\"480\" src=\"https:\/\/auf-achse-sein.de\/wp-content\/uploads\/2021\/01\/2018_07_Oesterreich_Italien_Frankreich_klettern.jpg\" alt=\"klettern in Frankreich\" data-id=\"13612\" data-full-url=\"https:\/\/auf-achse-sein.de\/wp-content\/uploads\/2021\/01\/2018_07_Oesterreich_Italien_Frankreich_klettern.jpg\" data-link=\"https:\/\/auf-achse-sein.de\/2018_07_oesterreich_italien_frankreich_klettern\/\" class=\"wp-image-13612\" srcset=\"https:\/\/auf-achse-sein.de\/update-weltreise\/wp-content\/uploads\/2021\/01\/2018_07_Oesterreich_Italien_Frankreich_klettern.jpg 720w, https:\/\/auf-achse-sein.de\/update-weltreise\/wp-content\/uploads\/2021\/01\/2018_07_Oesterreich_Italien_Frankreich_klettern-300x200.jpg 300w\" sizes=\"(max-width: 720px) 100vw, 720px\" title=\"\"><\/a><\/figure><\/li><li class=\"blocks-gallery-item\"><figure><a href=\"https:\/\/auf-achse-sein.de\/laos18\/\" target=\"blank\" rel=\"noopener\"><img src=\"https:\/\/auf-achse-sein.de\/wp-content\/uploads\/2021\/01\/2018_2019_Laos_DSC03664.jpg\" alt=\"Wege in Laos\" data-id=\"13613\" data-full-url=\"https:\/\/auf-achse-sein.de\/wp-content\/uploads\/2021\/01\/2018_2019_Laos_DSC03664.jpg\" data-link=\"https:\/\/auf-achse-sein.de\/2018_2019_laos_dsc03664\/\" class=\"wp-image-13613\" title=\"\"><\/a><\/figure><\/li><li class=\"blocks-gallery-item\"><figure><a href=\"https:\/\/auf-achse-sein.de\/frankreich-2020\" target=\"blank\" rel=\"noopener\"><img width=\"640\" height=\"480\" src=\"https:\/\/auf-achse-sein.de\/wp-content\/uploads\/2021\/01\/2020_07_Frankreich_Briancon_klettern_web_170.jpg\" alt=\"Campen in Frankreich\" data-id=\"13616\" data-full-url=\"https:\/\/auf-achse-sein.de\/wp-content\/uploads\/2021\/01\/2020_07_Frankreich_Briancon_klettern_web_170.jpg\" data-link=\"https:\/\/auf-achse-sein.de\/cdcim100goprogopr0322-gpr-2\/\" class=\"wp-image-13616\" srcset=\"https:\/\/auf-achse-sein.de\/update-weltreise\/wp-content\/uploads\/2021\/01\/2020_07_Frankreich_Briancon_klettern_web_170.jpg 640w, https:\/\/auf-achse-sein.de\/update-weltreise\/wp-content\/uploads\/2021\/01\/2020_07_Frankreich_Briancon_klettern_web_170-300x225.jpg 300w\" sizes=\"(max-width: 640px) 100vw, 640px\" title=\"\"><\/a><\/figure><\/li><li class=\"blocks-gallery-item\"><figure><a href=\"https:\/\/auf-achse-sein.de\/frankreich-2020\/\" target=\"blank\" rel=\"noopener\"><img width=\"720\" height=\"480\" src=\"https:\/\/auf-achse-sein.de\/wp-content\/uploads\/2021\/01\/2020_07_Frankreich_Briancon_klettern_Sony109.jpg\" alt=\"Freistehen in Frankreich\" data-id=\"13615\" data-full-url=\"https:\/\/auf-achse-sein.de\/wp-content\/uploads\/2021\/01\/2020_07_Frankreich_Briancon_klettern_Sony109.jpg\" data-link=\"https:\/\/auf-achse-sein.de\/2020_07_frankreich_briancon_klettern_sony109\/\" class=\"wp-image-13615\" srcset=\"https:\/\/auf-achse-sein.de\/update-weltreise\/wp-content\/uploads\/2021\/01\/2020_07_Frankreich_Briancon_klettern_Sony109.jpg 720w, https:\/\/auf-achse-sein.de\/update-weltreise\/wp-content\/uploads\/2021\/01\/2020_07_Frankreich_Briancon_klettern_Sony109-300x200.jpg 300w\" sizes=\"(max-width: 720px) 100vw, 720px\" title=\"\"><\/a><\/figure><\/li><li class=\"blocks-gallery-item\"><figure><a href=\"https:\/\/auf-achse-sein.de\/laos18\/\" target=\"blank\" rel=\"noopener\"><img width=\"988\" height=\"480\" src=\"https:\/\/auf-achse-sein.de\/wp-content\/uploads\/2021\/01\/2018_2019_Laos_DSC04114.jpg\" alt=\"Essen in Laos\" data-id=\"13614\" data-full-url=\"https:\/\/auf-achse-sein.de\/wp-content\/uploads\/2021\/01\/2018_2019_Laos_DSC04114.jpg\" data-link=\"https:\/\/auf-achse-sein.de\/2018_2019_laos_dsc04114\/\" class=\"wp-image-13614\" srcset=\"https:\/\/auf-achse-sein.de\/update-weltreise\/wp-content\/uploads\/2021\/01\/2018_2019_Laos_DSC04114.jpg 988w, https:\/\/auf-achse-sein.de\/update-weltreise\/wp-content\/uploads\/2021\/01\/2018_2019_Laos_DSC04114-300x146.jpg 300w, https:\/\/auf-achse-sein.de\/update-weltreise\/wp-content\/uploads\/2021\/01\/2018_2019_Laos_DSC04114-768x373.jpg 768w\" sizes=\"(max-width: 988px) 100vw, 988px\" title=\"\"><\/a><\/figure><\/li><\/ul><\/figure>\n<\/div><\/div>\n<\/div>\n<\/div>\n<\/div><\/div>\n<\/div>\n<\/div>\n<\/div>\n<\/div>\n\n\n\n<p>Diese Abenteuer unserer (Kletter-)Reisen und Rundreisen durch nahe und ferne L\u00e4nder m\u00f6chten wir nicht nur f\u00fcr uns behalten, sondern auch mit allen teilen, die sich daf\u00fcr interessieren. Deshalb existiert diese Seite.<\/p>\n\n\n\n<p>Unser gr\u00f6\u00dfter Erfolg w\u00e4re, wenn wir durch unsere Reisen, Bilder und Berichte&nbsp;die Menschen vielleicht ein wenig sensibilisieren k\u00f6nnen, \u00fcber den eigenen Tellerrand hinauszublicken.<\/p>\n\n\n\n<hr class=\"wp-block-separator is-style-wide\"\/>\n\n\n\n<div class=\"wp-container-17 wp-block-columns\">\n<div class=\"wp-container-12 wp-block-column\">\n<div class=\"wp-block-image is-style-default\"><figure class=\"aligncenter size-large\"><a href=\"https:\/\/auf-achse-sein.de\/themen\/aktuelle-reisen\/campingreisen\/\"><img width=\"1024\" height=\"683\" src=\"https:\/\/auf-achse-sein.de\/wp-content\/uploads\/2019\/09\/DSC05135-3-1024x683.jpg\" alt=\"Polen 2019\" class=\"wp-image-8387\" srcset=\"https:\/\/auf-achse-sein.de\/update-weltreise\/wp-content\/uploads\/2019\/09\/DSC05135-3-1024x683.jpg 1024w, https:\/\/auf-achse-sein.de\/update-weltreise\/wp-content\/uploads\/2019\/09\/DSC05135-3-300x200.jpg 300w, https:\/\/auf-achse-sein.de\/update-weltreise\/wp-content\/uploads\/2019\/09\/DSC05135-3-768x512.jpg 768w, https:\/\/auf-achse-sein.de\/update-weltreise\/wp-content\/uploads\/2019\/09\/DSC05135-3.jpg 1800w\" sizes=\"(max-width: 1024px) 100vw, 1024px\" title=\"\"><\/a><\/figure><\/div>\n\n\n\n<p class=\"has-text-align-center\">Lass dich durch unsere Berichte auf unsere letzten Campingreisen mitnehmen. <\/p>\n\n\n\n<div class=\"wp-container-11 wp-block-buttons aligncenter\">\n<div class=\"wp-block-button is-style-primary\"><a class=\"wp-block-button__link\" href=\"https:\/\/auf-achse-sein.de\/themen\/neue-reisen\/campingreisen\/\">Zu unseren Campingreisen<\/a><\/div>\n<\/div>\n<\/div>\n\n\n\n<div class=\"wp-container-14 wp-block-column\">\n<div class=\"wp-block-image is-style-default\"><figure class=\"aligncenter size-large\"><a href=\"https:\/\/auf-achse-sein.de\/themen\/aktuelle-reisen\/flugreisen\/\"><img width=\"1024\" height=\"683\" src=\"https:\/\/auf-achse-sein.de\/wp-content\/uploads\/2019\/04\/2018_12_Laos_DSC04176-1024x683.jpg\" alt=\"Konglor\" class=\"wp-image-11692\" srcset=\"https:\/\/auf-achse-sein.de\/update-weltreise\/wp-content\/uploads\/2019\/04\/2018_12_Laos_DSC04176-1024x683.jpg 1024w, https:\/\/auf-achse-sein.de\/update-weltreise\/wp-content\/uploads\/2019\/04\/2018_12_Laos_DSC04176-300x200.jpg 300w, https:\/\/auf-achse-sein.de\/update-weltreise\/wp-content\/uploads\/2019\/04\/2018_12_Laos_DSC04176-768x512.jpg 768w, https:\/\/auf-achse-sein.de\/update-weltreise\/wp-content\/uploads\/2019\/04\/2018_12_Laos_DSC04176-250x167.jpg 250w, https:\/\/auf-achse-sein.de\/update-weltreise\/wp-content\/uploads\/2019\/04\/2018_12_Laos_DSC04176-550x367.jpg 550w, https:\/\/auf-achse-sein.de\/update-weltreise\/wp-content\/uploads\/2019\/04\/2018_12_Laos_DSC04176-800x533.jpg 800w, https:\/\/auf-achse-sein.de\/update-weltreise\/wp-content\/uploads\/2019\/04\/2018_12_Laos_DSC04176-270x180.jpg 270w, https:\/\/auf-achse-sein.de\/update-weltreise\/wp-content\/uploads\/2019\/04\/2018_12_Laos_DSC04176-450x300.jpg 450w, https:\/\/auf-achse-sein.de\/update-weltreise\/wp-content\/uploads\/2019\/04\/2018_12_Laos_DSC04176-750x500.jpg 750w, https:\/\/auf-achse-sein.de\/update-weltreise\/wp-content\/uploads\/2019\/04\/2018_12_Laos_DSC04176.jpg 1152w\" sizes=\"(max-width: 1024px) 100vw, 1024px\" title=\"\"><\/a><\/figure><\/div>\n\n\n\n<p class=\"has-text-align-center\">Entdecke mit uns fantastische L\u00e4nder nah und fern. Tauche ein in andere Welten.<\/p>\n\n\n\n<div class=\"wp-container-13 wp-block-buttons aligncenter\">\n<div class=\"wp-block-button is-style-primary\"><a class=\"wp-block-button__link\" href=\"https:\/\/auf-achse-sein.de\/themen\/neue-reisen\/flugreisen\/\">zu unseren Flugreisen<\/a><\/div>\n<\/div>\n<\/div>\n\n\n\n<div class=\"wp-container-16 wp-block-column\">\n<div class=\"wp-block-image is-style-default\"><figure class=\"aligncenter size-large is-resized\"><a href=\"https:\/\/auf-achse-sein.de\/themen\/archiv\/\"><img src=\"https:\/\/auf-achse-sein.de\/wp-content\/uploads\/2020\/12\/1993_04_Marokko_1050-1024x695.jpg\" alt=\"Marokko\" class=\"wp-image-8984\" width=\"252\" height=\"171\" srcset=\"https:\/\/auf-achse-sein.de\/update-weltreise\/wp-content\/uploads\/2020\/12\/1993_04_Marokko_1050-1024x695.jpg 1024w, https:\/\/auf-achse-sein.de\/update-weltreise\/wp-content\/uploads\/2020\/12\/1993_04_Marokko_1050-300x204.jpg 300w, https:\/\/auf-achse-sein.de\/update-weltreise\/wp-content\/uploads\/2020\/12\/1993_04_Marokko_1050-768x521.jpg 768w, https:\/\/auf-achse-sein.de\/update-weltreise\/wp-content\/uploads\/2020\/12\/1993_04_Marokko_1050-1536x1042.jpg 1536w, https:\/\/auf-achse-sein.de\/update-weltreise\/wp-content\/uploads\/2020\/12\/1993_04_Marokko_1050.jpg 1769w\" sizes=\"(max-width: 252px) 100vw, 252px\" title=\"\"><\/a><\/figure><\/div>\n\n\n\n<p class=\"has-text-align-center\">Alte Bilder und Berichte von l\u00e4ngst vergangenen Reisen findest du in unserem Archiv.<\/p>\n\n\n\n<div class=\"wp-container-15 wp-block-buttons aligncenter\">\n<div class=\"wp-block-button is-style-primary\"><a class=\"wp-block-button__link\" href=\"https:\/\/auf-achse-sein.de\/themen\/archiv\/\">zum (Bilder)Archiv<\/a><\/div>\n<\/div>\n<\/div>\n<\/div>\n\n\n\n<hr class=\"wp-block-separator is-style-wide\"\/>\n\n\n\n<p>Wer uns auf Facebook folgen m\u00f6chte, verpasst auch keine News.<br>Wir sind hier zu finden:<br><a rel=\"noopener\" class=\"rank-math-link\" href=\"https:\/\/www.facebook.com\/pages\/auf-Achse-seinde\/741611615910269\" target=\"_blank\">https:\/\/www.facebook.com\/pages\/auf-Achse-seinde\/741611615910269<br><\/a>Nat\u00fcrlich freuen wir uns \u00fcber jeden like dort sehr. <\/p>\n\n\n\n<hr class=\"wp-block-separator is-style-wide\"\/>\n\n\n\n<div class=\"wp-block-media-text is-stacked-on-mobile is-vertically-aligned-center\"><figure class=\"wp-block-media-text__media\"><img width=\"640\" height=\"480\" src=\"https:\/\/auf-achse-sein.de\/wp-content\/uploads\/2021\/01\/2020_07_Frankreich_Briancon_klettern_Gopro111.jpg\" alt=\"Frankreich zelten\" class=\"wp-image-13622 size-full\" srcset=\"https:\/\/auf-achse-sein.de\/update-weltreise\/wp-content\/uploads\/2021\/01\/2020_07_Frankreich_Briancon_klettern_Gopro111.jpg 640w, https:\/\/auf-achse-sein.de\/update-weltreise\/wp-content\/uploads\/2021\/01\/2020_07_Frankreich_Briancon_klettern_Gopro111-300x225.jpg 300w\" sizes=\"(max-width: 640px) 100vw, 640px\" title=\"\"><\/figure><div class=\"wp-block-media-text__content\">\n<p><strong>Auch interessant f\u00fcr Drau\u00dfenbegeisterte<\/strong><\/p>\n\n\n\n<amp-fit-text layout=\"fixed-height\" min-font-size=\"6\" max-font-size=\"72\" height=\"80\"><p>Christa hat au\u00dferdem einen zweiten Blog ins Leben gerufen. Dieser behandelt die eher praktischen Dinge unserer Reisen. Hier geht es haupts\u00e4chlich um unsere Erfahrungen mit unserem Outdoorequipment sowie unserem Wohnmobil.<\/p><\/amp-fit-text>\n\n\n\n<div class=\"wp-container-18 wp-block-buttons\">\n<div class=\"wp-block-button\"><a class=\"wp-block-button__link has-background\" href=\"https:\/\/felsundwald.de\" style=\"border-radius:5px;background-color:#7aa891\" target=\"_blank\" rel=\"https:\/\/felsundwald.de noopener\">felsundwald.de besuchen<\/a><\/div>\n<\/div>\n<\/div><\/div>\n","protected":false},"excerpt":{"rendered":"<p>Wir sind eine eher ungew\u00f6hnliche 5-k\u00f6pfige Familie, deren gro\u00dfe gemeinsame Hobbys das Klettern und das Reisen sind.&nbsp;Diese Hobbys f\u00fchren uns nicht nur quer durch Deutschland, sondern mehr oder weniger rund um den Globus \u2013 immer auf der Suche nach neuen Erfahrungen und kleinen Abenteuern. Diese Abenteuer unserer (Kletter-)Reisen und Rundreisen durch nahe und ferne L\u00e4nder&hellip;&nbsp;<a href=\"https:\/\/auf-achse-sein.de\/update-weltreise\/\" class=\"\" rel=\"bookmark\">Weiterlesen &raquo;<span class=\"screen-reader-text\">Klettern verbindet.<\/span><\/a><\/p>\n","protected":false},"author":2,"featured_media":0,"parent":0,"menu_order":0,"comment_status":"closed","ping_status":"closed","template":"","meta":{"neve_meta_sidebar":"right","neve_meta_container":"default","neve_meta_enable_content_width":"off","neve_meta_content_width":0,"neve_meta_title_alignment":"","neve_meta_author_avatar":"","neve_post_elements_order":"","neve_meta_disable_header":"off","neve_meta_disable_footer":"","neve_meta_disable_title":"","_ti_tpc_template_sync":false,"_ti_tpc_template_id":""},"uagb_featured_image_src":{"full":false,"thumbnail":false,"medium":false,"medium_large":false,"large":false,"1536x1536":false,"2048x2048":false,"neve-blog":false},"uagb_author_info":{"display_name":"Christa","author_link":"https:\/\/auf-achse-sein.de\/update-weltreise\/author\/seilknoten\/"},"uagb_comment_info":0,"uagb_excerpt":"Wir sind eine eher ungew\u00f6hnliche 5-k\u00f6pfige Familie, deren gro\u00dfe gemeinsame Hobbys das Klettern und das Reisen sind.&nbsp;Diese Hobbys f\u00fchren uns nicht nur quer durch Deutschland, sondern mehr oder weniger rund um den Globus \u2013 immer auf der Suche nach neuen Erfahrungen und kleinen Abenteuern. Diese Abenteuer unserer (Kletter-)Reisen und Rundreisen durch nahe und ferne L\u00e4nder&hellip;&nbsp;Weiterlesen&hellip;","amp_enabled":true,"_links":{"self":[{"href":"https:\/\/auf-achse-sein.de\/update-weltreise\/wp-json\/wp\/v2\/pages\/52"}],"collection":[{"href":"https:\/\/auf-achse-sein.de\/update-weltreise\/wp-json\/wp\/v2\/pages"}],"about":[{"href":"https:\/\/auf-achse-sein.de\/update-weltreise\/wp-json\/wp\/v2\/types\/page"}],"author":[{"embeddable":true,"href":"https:\/\/auf-achse-sein.de\/update-weltreise\/wp-json\/wp\/v2\/users\/2"}],"replies":[{"embeddable":true,"href":"https:\/\/auf-achse-sein.de\/update-weltreise\/wp-json\/wp\/v2\/comments?post=52"}],"version-history":[{"count":4,"href":"https:\/\/auf-achse-sein.de\/update-weltreise\/wp-json\/wp\/v2\/pages\/52\/revisions"}],"predecessor-version":[{"id":14269,"href":"https:\/\/auf-achse-sein.de\/update-weltreise\/wp-json\/wp\/v2\/pages\/52\/revisions\/14269"}],"wp:attachment":[{"href":"https:\/\/auf-achse-sein.de\/update-weltreise\/wp-json\/wp\/v2\/media?parent=52"}],"curies":[{"name":"wp","href":"https:\/\/api.w.org\/{rel}","templated":true}]}}