{"id":3491,"date":"2014-11-09T19:00:43","date_gmt":"2014-11-09T18:00:43","guid":{"rendered":"http:\/\/auf-achse-sein.de\/?page_id=3491"},"modified":"2021-01-09T13:05:49","modified_gmt":"2021-01-09T12:05:49","slug":"links","status":"publish","type":"page","link":"https:\/\/auf-achse-sein.de\/update-weltreise\/links\/","title":{"rendered":"Links"},"content":{"rendered":"\n<h2>Informative Links zum Thema Reisen<\/h2>\n\n\n\n<ul><li><a href=\"http:\/\/womo.blog\" class=\"rank-math-link\" target=\"_blank\" rel=\"noopener\"><strong>Womo.blog <\/strong><\/a>Die Webseite rund um das Thema Wohnmobil unseres ebenfalls kletternden Freundes J\u00fcrgen. Es lohnt sich auf  jeden Fall dort vorbei zu schauen, denn dort gibt es jede Menge Infos und DIY-L\u00f6sungen f\u00fcr unz\u00e4hlige verschiedene Themen. <\/li><li><strong><a href=\"https:\/\/herman-unterwegs.de\/\" class=\"rank-math-link\" target=\"_blank\" rel=\"noopener\">herman-unterwegs.de<\/a> <\/strong>Hier findest du alle m\u00f6glichen und unm\u00f6glichen Themen rund um das Thema Expeditionsmobil. Vom Bau, der richtigen Ausstattung bis zu Reiseberichten der im LKW lebenden Betreiber der Seite ist alles dabei.<\/li><li><em><a rel=\"noreferrer noopener\" href=\"http:\/\/www.fit-for-travel.de\/\" target=\"_blank\" class=\"rank-math-link\"><strong>fit<\/strong>\u2013<strong>for<\/strong>\u2013<strong>travel<\/strong><\/a><strong><a rel=\"noreferrer noopener\" href=\"http:\/\/www.fit-for-travel.de\/\" target=\"_blank\" class=\"rank-math-link\">.de<\/a>\u00a0<\/strong>Fit<\/em>\u2013<em>for<\/em>\u2013<em>Travel<\/em>\u00a0liefert tagesaktuelle reisemedizinische Informationen zu \u00fcber 300 Reisezielen, allen Impfungen, Hepatitis, Malaria, Klimatabellen<\/li><li><a rel=\"noreferrer noopener\" href=\"http:\/\/weltreise-info.de\/\" target=\"_blank\" class=\"rank-math-link\"><strong>weltreise-info.de<\/strong><\/a>\u00a0Unabh\u00e4ngiger Ratgeber f\u00fcr die\u00a0<em>Weltreise<\/em>\u00a0auf eigene Faust: Route, Tickets, Ausr\u00fcstung, Kosten, B\u00fcrokratie, typische Planungsfehler etc.<\/li><li><a rel=\"noreferrer noopener\" href=\"http:\/\/www.weltreiseforum.de\/\" target=\"_blank\" class=\"rank-math-link\"><strong>weltreiseforum.de<\/strong><\/a>\u00a0Weltreiseforum f\u00fcr\u00a0<em>Weltreise<\/em>, Langzeitreise oder andere Individualreisen.<\/li><li><a aria-label=\"dachzeltnomaden.com (opens in a new tab)\" href=\"https:\/\/dachzeltnomaden.com\/\" target=\"_blank\" rel=\"noreferrer noopener\" class=\"rank-math-link\"><strong>dachzeltnomaden.com<\/strong><\/a> Die Dachzeltnomaden besch\u00e4ftigen sich rund um das Thema Dachzelten. Hier gibt es megaviele Infos und eine tolle Community.<\/li><li><a href=\"https:\/\/www.wohnmobilforum.de\/\" target=\"_blank\" aria-label=\"wohnmobilforum.de (opens in a new tab)\" rel=\"noreferrer noopener\" class=\"rank-math-link\"><strong>wohnmobilforum.de<\/strong><\/a> Ein riesiges Forum rund um das Thema Wohnmobil. Technische Infos, Reiseinfos, Bilder &#8211; einfach alles. <\/li><\/ul>\n\n\n\n<h2>Interessante Links zum Thema Klettern<\/h2>\n\n\n\n<ul><li><a title=\"Emil :-)\" rel=\"noopener noreferrer\" class=\"rank-math-link\" href=\"http:\/\/www.dl8jj.darc.de\/\" target=\"_blank\"><strong>dl8jj.darc.de<\/strong><\/a>&nbsp;Infos von unserem mehr als au\u00dfergew\u00f6hnlichen Freund Emil Bergmann, der unseren Lieblingssport Klettern mit seinem zweiten Hobby, dem Funken, verbindet<\/li><li><a title=\"kletterdorf \" rel=\"noopener noreferrer\" class=\"rank-math-link\" href=\"http:\/\/www.kletterdorf.de\/\" target=\"_blank\"><strong>kletterdorf.de<\/strong><\/a>&nbsp;Online-Forum f\u00fcr Alpin- und Sportkletterer, die auf der Suche nach einem Kletterpartner sind.<\/li><li><a title=\"www.klettern.de\/\" rel=\"noopener noreferrer\" class=\"rank-math-link\" href=\"http:\/\/www.klettern.de\/\" target=\"_blank\"><strong>klettern.de<\/strong><\/a> Die Online-Version der Zeitschrift <em>Klettern<\/em> zeigt Inhalte der aktuellen Ausgabe, Links zu Klettergebieten und Produkten sowie Neuigkeiten aus dem Klettersport<\/li><li><a title=\"alpenverein-darmstadt.de\" rel=\"noopener noreferrer\" class=\"rank-math-link\" href=\"http:\/\/alpenverein-darmstadt.de\/\" target=\"_blank\"><strong>alpenverein-darmstadt.de<\/strong> <\/a>Sektion <em>Darmstadt Starkenburg<\/em> des Deutschen Alpenvereins stellt sich vor mit seinen Angeboten und Aktivit\u00e4ten.<\/li><\/ul>\n\n\n\n<p><\/p>\n","protected":false},"excerpt":{"rendered":"<p>Informative Links zum Thema Reisen Womo.blog Die Webseite rund um das Thema Wohnmobil unseres ebenfalls kletternden Freundes J\u00fcrgen. Es lohnt sich auf jeden Fall dort vorbei zu schauen, denn dort gibt es jede Menge Infos und DIY-L\u00f6sungen f\u00fcr unz\u00e4hlige verschiedene Themen. herman-unterwegs.de Hier findest du alle m\u00f6glichen und unm\u00f6glichen Themen rund um das Thema Expeditionsmobil.&hellip;&nbsp;<a href=\"https:\/\/auf-achse-sein.de\/update-weltreise\/links\/\" class=\"\" rel=\"bookmark\">Weiterlesen &raquo;<span class=\"screen-reader-text\">Links<\/span><\/a><\/p>\n","protected":false},"author":2,"featured_media":0,"parent":0,"menu_order":0,"comment_status":"closed","ping_status":"closed","template":"","meta":{"neve_meta_sidebar":"","neve_meta_container":"","neve_meta_enable_content_width":"","neve_meta_content_width":0,"neve_meta_title_alignment":"","neve_meta_author_avatar":"","neve_post_elements_order":"","neve_meta_disable_header":"","neve_meta_disable_footer":"","neve_meta_disable_title":"","_ti_tpc_template_sync":false,"_ti_tpc_template_id":""},"uagb_featured_image_src":{"full":false,"thumbnail":false,"medium":false,"medium_large":false,"large":false,"1536x1536":false,"2048x2048":false,"neve-blog":false},"uagb_author_info":{"display_name":"Christa","author_link":"https:\/\/auf-achse-sein.de\/update-weltreise\/author\/seilknoten\/"},"uagb_comment_info":0,"uagb_excerpt":"Informative Links zum Thema Reisen Womo.blog Die Webseite rund um das Thema Wohnmobil unseres ebenfalls kletternden Freundes J\u00fcrgen. Es lohnt sich auf jeden Fall dort vorbei zu schauen, denn dort gibt es jede Menge Infos und DIY-L\u00f6sungen f\u00fcr unz\u00e4hlige verschiedene Themen. herman-unterwegs.de Hier findest du alle m\u00f6glichen und unm\u00f6glichen Themen rund um das Thema Expeditionsmobil.&hellip;&nbsp;Weiterlesen&hellip;","amp_enabled":true,"_links":{"self":[{"href":"https:\/\/auf-achse-sein.de\/update-weltreise\/wp-json\/wp\/v2\/pages\/3491"}],"collection":[{"href":"https:\/\/auf-achse-sein.de\/update-weltreise\/wp-json\/wp\/v2\/pages"}],"about":[{"href":"https:\/\/auf-achse-sein.de\/update-weltreise\/wp-json\/wp\/v2\/types\/page"}],"author":[{"embeddable":true,"href":"https:\/\/auf-achse-sein.de\/update-weltreise\/wp-json\/wp\/v2\/users\/2"}],"replies":[{"embeddable":true,"href":"https:\/\/auf-achse-sein.de\/update-weltreise\/wp-json\/wp\/v2\/comments?post=3491"}],"version-history":[{"count":0,"href":"https:\/\/auf-achse-sein.de\/update-weltreise\/wp-json\/wp\/v2\/pages\/3491\/revisions"}],"wp:attachment":[{"href":"https:\/\/auf-achse-sein.de\/update-weltreise\/wp-json\/wp\/v2\/media?parent=3491"}],"curies":[{"name":"wp","href":"https:\/\/api.w.org\/{rel}","templated":true}]}}