{"id":3252,"date":"2014-11-01T22:20:47","date_gmt":"2014-11-01T21:20:47","guid":{"rendered":"http:\/\/auf-achse-sein.de\/?page_id=3252"},"modified":"2021-01-11T09:44:09","modified_gmt":"2021-01-11T08:44:09","slug":"kontakt","status":"publish","type":"page","link":"https:\/\/auf-achse-sein.de\/update-weltreise\/kontakt\/","title":{"rendered":"E-MAIL"},"content":{"rendered":"\n<p>Du hast Fragen? Verbesserungsvorschl\u00e4ge? Oder m\u00f6chtest uns sonst irgendetwas mitteilen?<\/p>\n\n\n\n<p>Dann sende uns doch eine E-Mail an kletterreisen@gmail.com oder hier \u00fcber das Kontaktformular.<\/p>\n\n\n\n<p>Wir werden deine Nachricht so schnell wie m\u00f6glich beantworten.<\/p>\n\n\n\n<div class=\"wp-block-contact-form-7-contact-form-selector\"><div role=\"form\" class=\"wpcf7\" id=\"wpcf7-f13630-o1\" lang=\"de-DE\" dir=\"ltr\">\n<div class=\"screen-reader-response\"><p role=\"status\" aria-live=\"polite\" aria-atomic=\"true\"><\/p> <ul><\/ul><\/div>\n<form action=\"\/update-weltreise\/wp-json\/wp\/v2\/pages\/3252#wpcf7-f13630-o1\" method=\"post\" class=\"wpcf7-form init\" novalidate=\"novalidate\" data-status=\"init\">\n<div style=\"display: none;\">\n<input type=\"hidden\" name=\"_wpcf7\" value=\"13630\" \/>\n<input type=\"hidden\" name=\"_wpcf7_version\" value=\"5.5.6.1\" \/>\n<input type=\"hidden\" name=\"_wpcf7_locale\" value=\"de_DE\" \/>\n<input type=\"hidden\" name=\"_wpcf7_unit_tag\" value=\"wpcf7-f13630-o1\" \/>\n<input type=\"hidden\" name=\"_wpcf7_container_post\" value=\"0\" \/>\n<input type=\"hidden\" name=\"_wpcf7_posted_data_hash\" value=\"\" \/>\n<\/div>\n<p><label> Dein Name<br \/>\n    <span class=\"wpcf7-form-control-wrap your-name\"><input type=\"text\" name=\"your-name\" value=\"\" size=\"40\" class=\"wpcf7-form-control wpcf7-text wpcf7-validates-as-required\" aria-required=\"true\" aria-invalid=\"false\" \/><\/span> <\/label><\/p>\n<p><label> Deine E-Mail-Adresse<br \/>\n    <span class=\"wpcf7-form-control-wrap your-email\"><input type=\"email\" name=\"your-email\" value=\"\" size=\"40\" class=\"wpcf7-form-control wpcf7-text wpcf7-email wpcf7-validates-as-required wpcf7-validates-as-email\" aria-required=\"true\" aria-invalid=\"false\" \/><\/span> <\/label><\/p>\n<p><label> Betreff<br \/>\n    <span class=\"wpcf7-form-control-wrap your-subject\"><input type=\"text\" name=\"your-subject\" value=\"\" size=\"40\" class=\"wpcf7-form-control wpcf7-text wpcf7-validates-as-required\" aria-required=\"true\" aria-invalid=\"false\" \/><\/span> <\/label><\/p>\n<p><label> Deine Nachricht (optional)<br \/>\n    <span class=\"wpcf7-form-control-wrap your-message\"><textarea name=\"your-message\" cols=\"40\" rows=\"10\" class=\"wpcf7-form-control wpcf7-textarea\" aria-invalid=\"false\"><\/textarea><\/span> <\/label><\/p>\n<p><input type=\"submit\" value=\"Senden\" class=\"wpcf7-form-control has-spinner wpcf7-submit\" \/><\/p>\n<div class=\"wpcf7-response-output\" aria-hidden=\"true\"><\/div><\/form><\/div><\/div>\n","protected":false},"excerpt":{"rendered":"<p>Du hast Fragen? Verbesserungsvorschl\u00e4ge? Oder m\u00f6chtest uns sonst irgendetwas mitteilen? Dann sende uns doch eine E-Mail an kletterreisen@gmail.com oder hier \u00fcber das Kontaktformular. Wir werden deine Nachricht so schnell wie m\u00f6glich beantworten.<\/p>\n","protected":false},"author":1,"featured_media":0,"parent":0,"menu_order":0,"comment_status":"closed","ping_status":"open","template":"","meta":{"neve_meta_sidebar":"","neve_meta_container":"","neve_meta_enable_content_width":"","neve_meta_content_width":0,"neve_meta_title_alignment":"","neve_meta_author_avatar":"","neve_post_elements_order":"","neve_meta_disable_header":"","neve_meta_disable_footer":"","neve_meta_disable_title":"","_ti_tpc_template_sync":false,"_ti_tpc_template_id":""},"uagb_featured_image_src":{"full":false,"thumbnail":false,"medium":false,"medium_large":false,"large":false,"1536x1536":false,"2048x2048":false,"neve-blog":false},"uagb_author_info":{"display_name":"neotin","author_link":"https:\/\/auf-achse-sein.de\/update-weltreise\/author\/neotin\/"},"uagb_comment_info":0,"uagb_excerpt":"Du hast Fragen? Verbesserungsvorschl\u00e4ge? Oder m\u00f6chtest uns sonst irgendetwas mitteilen? Dann sende uns doch eine E-Mail an kletterreisen@gmail.com oder hier \u00fcber das Kontaktformular. Wir werden deine Nachricht so schnell wie m\u00f6glich beantworten.","amp_enabled":true,"_links":{"self":[{"href":"https:\/\/auf-achse-sein.de\/update-weltreise\/wp-json\/wp\/v2\/pages\/3252"}],"collection":[{"href":"https:\/\/auf-achse-sein.de\/update-weltreise\/wp-json\/wp\/v2\/pages"}],"about":[{"href":"https:\/\/auf-achse-sein.de\/update-weltreise\/wp-json\/wp\/v2\/types\/page"}],"author":[{"embeddable":true,"href":"https:\/\/auf-achse-sein.de\/update-weltreise\/wp-json\/wp\/v2\/users\/1"}],"replies":[{"embeddable":true,"href":"https:\/\/auf-achse-sein.de\/update-weltreise\/wp-json\/wp\/v2\/comments?post=3252"}],"version-history":[{"count":0,"href":"https:\/\/auf-achse-sein.de\/update-weltreise\/wp-json\/wp\/v2\/pages\/3252\/revisions"}],"wp:attachment":[{"href":"https:\/\/auf-achse-sein.de\/update-weltreise\/wp-json\/wp\/v2\/media?parent=3252"}],"curies":[{"name":"wp","href":"https:\/\/api.w.org\/{rel}","templated":true}]}}