{"id":13853,"date":"2021-02-10T17:36:25","date_gmt":"2021-02-10T16:36:25","guid":{"rendered":"https:\/\/auf-achse-sein.de\/test\/?page_id=13853"},"modified":"2021-03-08T15:06:32","modified_gmt":"2021-03-08T14:06:32","slug":"kontinente","status":"publish","type":"page","link":"https:\/\/auf-achse-sein.de\/update-weltreise\/kontinente\/","title":{"rendered":"Kontinente"},"content":{"rendered":"\n<p>Im Laufe der Zeit durften wir doch schon so einige Kontinente und L\u00e4nder unseres sch\u00f6nen Planeten bereisen und anschauen. Manche L\u00e4nder haben wir nur ein einziges Mal besucht, andere wiederum mehrmals.<\/p>\n\n\n\n<div id=\"toc_container\" class=\"toc_transparent no_bullets\"><p class=\"toc_title\">Inhaltsverzeichnis<\/p><ul class=\"toc_list\"><li><a href=\"#Einmal_alle_Kontinente_bereisen\">Einmal alle Kontinente bereisen<\/a><ul><li><a href=\"#Europa\">Europa<\/a><\/li><li><a href=\"#Asien\">Asien<\/a><\/li><li><a href=\"#Afrika\">Afrika<\/a><\/li><li><a href=\"#Amerika\">Amerika<\/a><\/li><\/ul><\/li><\/ul><\/div>\n<h1><span id=\"Einmal_alle_Kontinente_bereisen\">Einmal alle Kontinente bereisen<\/span><\/h1>\n\n\n\n<p>F\u00fcr einige Menschen ist es das ausgemachte Ziel, einmal alle Kontinente bereist zu haben. Andere wollen stattdessen alle L\u00e4nder eines bestimmten Kontinents besuchen. Wir haben kein solches festgestecktes Ziel. Wir wollen einfach nur unsere Welt anschauen und so viele sch\u00f6ne Orte wie m\u00f6glich mit tollen pers\u00f6nlichen Erinnerungen verkn\u00fcpfen k\u00f6nnen. Aber auch wenn wir mittlerweile an einige Kontinente und viele verschiedene L\u00e4nder einen imagin\u00e4ren Haken setzen k\u00f6nnen, so haben wir bisher nur einen kleinen Eindruck unserer gro\u00dfen Welt sammeln k\u00f6nnen. Auf unserer Wunschliste stehen immer noch sehr viele interessante L\u00e4nder und Regionen, die wir gerne (noch) einmal besuchen m\u00f6chten. <\/p>\n\n\n\n<p>Wenn wir eines auf unseren vielen Reisen gelernt haben, dann ist es die Tatsache, dass man von einer einzigen Urlaubsreise weder ein ganzes Land und schon gar nicht einen Kontinenten kennenlernen kann. Man kann h\u00f6chstens einen kleinen Eindruck erhaschen. Egal wie oft wir ein Land schon gesehen hatten, es hat uns immer wieder neue Gesichter gezeigt und neue Eindr\u00fccke geschenkt. Ein Ort ist nie der Gleiche, wenn man ihn ein zweites oder drittes Mal besucht. Und gerade das ist es ja, was das Reisen ausmacht: man gewinnt immer wieder neue Erkenntnisse, neue Eindr\u00fccke und lernt niemals aus.<\/p>\n\n\n\n<h2><span id=\"Europa\">Europa<\/span><\/h2>\n\n\n\n<p>Auf unserem Heimatkontinent Europa haben wir schon so einige L\u00e4nder besucht und trotzdem fehlen uns noch immer ein paar interessante L\u00e4nder und Orte auf der Liste. Das liegt auch zum Teil daran, dass uns Gebiete immer wieder erneut in ihren Bann ziehen und mit s\u00fc\u00dfen und uns bekannten Angeboten zum Klettern zu sich locken. Trotzdem bem\u00fchen wir uns nat\u00fcrlich auch die anderen L\u00e4nder zu erkunden &#8211; nach und nach.<\/p>\n\n\n\n<div class=\"wp-block-media-text alignwide is-stacked-on-mobile\"><figure class=\"wp-block-media-text__media\"><img width=\"1024\" height=\"683\" src=\"https:\/\/auf-achse-sein.de\/wp-content\/uploads\/2019\/01\/2018_07_Oesterreich_Italien_FrankreichK1600_DSC03081-1024x683.jpg\" alt=\"H\u00fctte\" class=\"wp-image-11544 size-full\" srcset=\"https:\/\/auf-achse-sein.de\/update-weltreise\/wp-content\/uploads\/2019\/01\/2018_07_Oesterreich_Italien_FrankreichK1600_DSC03081-1024x683.jpg 1024w, https:\/\/auf-achse-sein.de\/update-weltreise\/wp-content\/uploads\/2019\/01\/2018_07_Oesterreich_Italien_FrankreichK1600_DSC03081-300x200.jpg 300w, https:\/\/auf-achse-sein.de\/update-weltreise\/wp-content\/uploads\/2019\/01\/2018_07_Oesterreich_Italien_FrankreichK1600_DSC03081-768x512.jpg 768w, https:\/\/auf-achse-sein.de\/update-weltreise\/wp-content\/uploads\/2019\/01\/2018_07_Oesterreich_Italien_FrankreichK1600_DSC03081-1536x1024.jpg 1536w, https:\/\/auf-achse-sein.de\/update-weltreise\/wp-content\/uploads\/2019\/01\/2018_07_Oesterreich_Italien_FrankreichK1600_DSC03081-250x167.jpg 250w, https:\/\/auf-achse-sein.de\/update-weltreise\/wp-content\/uploads\/2019\/01\/2018_07_Oesterreich_Italien_FrankreichK1600_DSC03081-550x367.jpg 550w, https:\/\/auf-achse-sein.de\/update-weltreise\/wp-content\/uploads\/2019\/01\/2018_07_Oesterreich_Italien_FrankreichK1600_DSC03081-800x533.jpg 800w, https:\/\/auf-achse-sein.de\/update-weltreise\/wp-content\/uploads\/2019\/01\/2018_07_Oesterreich_Italien_FrankreichK1600_DSC03081-270x180.jpg 270w, https:\/\/auf-achse-sein.de\/update-weltreise\/wp-content\/uploads\/2019\/01\/2018_07_Oesterreich_Italien_FrankreichK1600_DSC03081-450x300.jpg 450w, https:\/\/auf-achse-sein.de\/update-weltreise\/wp-content\/uploads\/2019\/01\/2018_07_Oesterreich_Italien_FrankreichK1600_DSC03081-750x500.jpg 750w, https:\/\/auf-achse-sein.de\/update-weltreise\/wp-content\/uploads\/2019\/01\/2018_07_Oesterreich_Italien_FrankreichK1600_DSC03081.jpg 1800w\" sizes=\"(max-width: 1024px) 100vw, 1024px\" title=\"\"><\/figure><div class=\"wp-block-media-text__content\">\n<p>Europa &#8211; das sind f\u00fcr uns atemberaubende Berglandschaften in den Alpen und anderen Gebirgen, wundervolle Str\u00e4nde entlang des Mittelmeeres, tolle Kletterspots, leckeres Essen. Europa bedeutet f\u00fcr uns Freiheit und gute Infrastrukturen gleicherma\u00dfen. Wir bereisen Europa am liebsten mit dem Wohnmobil. Aber auch die ein oder andere Flugreise z. B. auf die Kanaren oder Sardinien haben wir hinter uns. <\/p>\n\n\n\n<div class=\"wp-container-1 wp-block-buttons aligncenter\">\n<div class=\"wp-block-button\"><a class=\"wp-block-button__link\" href=\"https:\/\/auf-achse-sein.de\/themen\/kontinente\/europa\/\" target=\"_blank\" rel=\"noreferrer noopener\">Zu unseren Europa-Reisen<\/a><\/div>\n<\/div>\n<\/div><\/div>\n\n\n\n<h2><span id=\"Asien\">Asien<\/span><\/h2>\n\n\n\n<p>Asien ist der Kontinent, den wir am zweith\u00e4ufigsten bereist haben. Es gibt unglaublich viel zu entdecken und die Menschen waren uns gegen\u00fcber immer freundlich, aufgeschlossen und hilfsbereit. Haupts\u00e4chlich haben wir hier S\u00fcdostasien besucht, aber die fehlenden L\u00e4nder reizen uns ebenso und es werden sicher im Laufe der Zeit noch ein paar weitere L\u00e4nder hinzukommen.<\/p>\n\n\n\n<div class=\"wp-block-media-text alignwide is-stacked-on-mobile\"><figure class=\"wp-block-media-text__media\"><img width=\"1024\" height=\"683\" src=\"https:\/\/auf-achse-sein.de\/wp-content\/uploads\/2017\/01\/Laos_2016_2017_Wanderung_Dorf_06-1024x683.jpg\" alt=\"Kinder\" class=\"wp-image-12566 size-full\" srcset=\"https:\/\/auf-achse-sein.de\/update-weltreise\/wp-content\/uploads\/2017\/01\/Laos_2016_2017_Wanderung_Dorf_06-1024x683.jpg 1024w, https:\/\/auf-achse-sein.de\/update-weltreise\/wp-content\/uploads\/2017\/01\/Laos_2016_2017_Wanderung_Dorf_06-300x200.jpg 300w, https:\/\/auf-achse-sein.de\/update-weltreise\/wp-content\/uploads\/2017\/01\/Laos_2016_2017_Wanderung_Dorf_06-768x512.jpg 768w, https:\/\/auf-achse-sein.de\/update-weltreise\/wp-content\/uploads\/2017\/01\/Laos_2016_2017_Wanderung_Dorf_06-1536x1024.jpg 1536w, https:\/\/auf-achse-sein.de\/update-weltreise\/wp-content\/uploads\/2017\/01\/Laos_2016_2017_Wanderung_Dorf_06-930x620.jpg 930w, https:\/\/auf-achse-sein.de\/update-weltreise\/wp-content\/uploads\/2017\/01\/Laos_2016_2017_Wanderung_Dorf_06.jpg 1800w\" sizes=\"(max-width: 1024px) 100vw, 1024px\" title=\"\"><\/figure><div class=\"wp-block-media-text__content\">\n<p>In Asien liegt eines der L\u00e4nder, das uns wohl am meisten ans Herz gewachsen ist &#8211; Laos. Dort haben wir schon drei Mal so wundervolle Ferien verbracht und viele positive Erinnerungen verkn\u00fcpft, dass wir gerne jederzeit wieder dahin fliegen. Aber auch die anderen bereisten L\u00e4nder wie Thailand, Nepal oder Indien hinterlie\u00dfen bleibende Eindr\u00fccke.<\/p>\n\n\n\n<div class=\"wp-container-2 wp-block-buttons aligncenter\">\n<div class=\"wp-block-button\"><a class=\"wp-block-button__link\" href=\"https:\/\/auf-achse-sein.de\/themen\/kontinente\/asien\/\" target=\"_blank\" rel=\"noreferrer noopener\">Zu unseren Asien-Reisen<\/a><\/div>\n<\/div>\n<\/div><\/div>\n\n\n\n<h2><span id=\"Afrika\">Afrika<\/span><\/h2>\n\n\n\n<p>Der schwarze Kontinent wurde von uns verh\u00e4ltnism\u00e4\u00dfig wenig bereist. Afrika hat viele atemberaubende Orte und die Tier- und Pflanzenwelt hat uns schwer begeistert.<\/p>\n\n\n\n<div class=\"wp-block-media-text alignwide is-stacked-on-mobile\"><figure class=\"wp-block-media-text__media\"><img width=\"1024\" height=\"683\" src=\"https:\/\/auf-achse-sein.de\/wp-content\/uploads\/2018\/06\/2018_04_Suedafrika_K1024_DSC01862-1024x683.jpg\" alt=\"Gro\u00dfkudu\" class=\"wp-image-11403 size-full\" srcset=\"https:\/\/auf-achse-sein.de\/update-weltreise\/wp-content\/uploads\/2018\/06\/2018_04_Suedafrika_K1024_DSC01862-1024x683.jpg 1024w, https:\/\/auf-achse-sein.de\/update-weltreise\/wp-content\/uploads\/2018\/06\/2018_04_Suedafrika_K1024_DSC01862-300x200.jpg 300w, https:\/\/auf-achse-sein.de\/update-weltreise\/wp-content\/uploads\/2018\/06\/2018_04_Suedafrika_K1024_DSC01862-768x512.jpg 768w, https:\/\/auf-achse-sein.de\/update-weltreise\/wp-content\/uploads\/2018\/06\/2018_04_Suedafrika_K1024_DSC01862-1536x1024.jpg 1536w, https:\/\/auf-achse-sein.de\/update-weltreise\/wp-content\/uploads\/2018\/06\/2018_04_Suedafrika_K1024_DSC01862-930x620.jpg 930w, https:\/\/auf-achse-sein.de\/update-weltreise\/wp-content\/uploads\/2018\/06\/2018_04_Suedafrika_K1024_DSC01862.jpg 1800w\" sizes=\"(max-width: 1024px) 100vw, 1024px\" title=\"\"><\/figure><div class=\"wp-block-media-text__content\">\n<p>Weite Steppen, unendliche W\u00fcsten, dichter Dschungel, fremde Kulturen &#8211; all das ist Afrika. Abwechslungsreich, faszinierend und gleichzeitig fragil und bedroht. F\u00fcr uns war es jeweils ein Abenteuer, diesen faszinierenden Kontinent zu betreten.<\/p>\n\n\n\n<div class=\"wp-container-3 wp-block-buttons aligncenter\">\n<div class=\"wp-block-button\"><a class=\"wp-block-button__link\" href=\"https:\/\/auf-achse-sein.de\/themen\/kontinente\/afrika\/\" target=\"_blank\" rel=\"noreferrer noopener\">Zu unseren Afrika-Reisen<\/a><\/div>\n<\/div>\n<\/div><\/div>\n\n\n\n<h2><span id=\"Amerika\">Amerika<\/span><\/h2>\n\n\n\n<p>Amerika kann man eigentlich aufgrund der Gr\u00f6\u00dfe getrost in Nord-, Mittel- und S\u00fcdamerika aufsplitten. Weil wir aber relativ selten hier waren, belassen wir es vorerst bei einer Kategorie und hoffen, dass wir bald genug Berichte haben, damit es sich lohnt, diese Aufteilung vorzunehmen.<\/p>\n\n\n\n<div class=\"wp-block-media-text alignwide is-stacked-on-mobile\"><figure class=\"wp-block-media-text__media\"><img width=\"1024\" height=\"683\" src=\"https:\/\/auf-achse-sein.de\/wp-content\/uploads\/2014\/10\/2008_12-Kuba_1043-1024x683.jpg\" alt=\"Kuba\" class=\"wp-image-9786 size-full\" srcset=\"https:\/\/auf-achse-sein.de\/update-weltreise\/wp-content\/uploads\/2014\/10\/2008_12-Kuba_1043-1024x683.jpg 1024w, https:\/\/auf-achse-sein.de\/update-weltreise\/wp-content\/uploads\/2014\/10\/2008_12-Kuba_1043-300x200.jpg 300w, https:\/\/auf-achse-sein.de\/update-weltreise\/wp-content\/uploads\/2014\/10\/2008_12-Kuba_1043-768x512.jpg 768w, https:\/\/auf-achse-sein.de\/update-weltreise\/wp-content\/uploads\/2014\/10\/2008_12-Kuba_1043-1536x1024.jpg 1536w, https:\/\/auf-achse-sein.de\/update-weltreise\/wp-content\/uploads\/2014\/10\/2008_12-Kuba_1043-250x167.jpg 250w, https:\/\/auf-achse-sein.de\/update-weltreise\/wp-content\/uploads\/2014\/10\/2008_12-Kuba_1043-550x367.jpg 550w, https:\/\/auf-achse-sein.de\/update-weltreise\/wp-content\/uploads\/2014\/10\/2008_12-Kuba_1043-800x533.jpg 800w, https:\/\/auf-achse-sein.de\/update-weltreise\/wp-content\/uploads\/2014\/10\/2008_12-Kuba_1043-270x180.jpg 270w, https:\/\/auf-achse-sein.de\/update-weltreise\/wp-content\/uploads\/2014\/10\/2008_12-Kuba_1043-450x300.jpg 450w, https:\/\/auf-achse-sein.de\/update-weltreise\/wp-content\/uploads\/2014\/10\/2008_12-Kuba_1043-750x500.jpg 750w, https:\/\/auf-achse-sein.de\/update-weltreise\/wp-content\/uploads\/2014\/10\/2008_12-Kuba_1043.jpg 1800w\" sizes=\"(max-width: 1024px) 100vw, 1024px\" title=\"\"><\/figure><div class=\"wp-block-media-text__content\">\n<p>Unsere Reisen \u00fcber den gro\u00dfen Teich lassen sich leicht an den Fingern abz\u00e4hlen. Aber auch wenn wir nicht allzu oft Burger in den USA oder Enchiladas in Mexico gegessen haben und unser Wissen \u00fcber die Maya prim\u00e4r aus Filmen, Zeitschriften und Berichten stammt, stehen viele L\u00e4nder noch auf der To-Do-Liste.  Einige wenige davon haben wir bereits abgehakt.<\/p>\n\n\n\n<div class=\"wp-container-4 wp-block-buttons aligncenter\">\n<div class=\"wp-block-button\"><a class=\"wp-block-button__link\" href=\"https:\/\/auf-achse-sein.de\/themen\/kontinente\/amerika\/\" target=\"_blank\" rel=\"noreferrer noopener\">Zu unseren Amerika-Reisen<\/a><\/div>\n<\/div>\n<\/div><\/div>\n\n\n\n<p><\/p>\n","protected":false},"excerpt":{"rendered":"<p>Im Laufe der Zeit durften wir doch schon so einige Kontinente und L\u00e4nder unseres sch\u00f6nen Planeten bereisen und anschauen. Manche L\u00e4nder haben wir nur ein einziges Mal besucht, andere wiederum mehrmals. InhaltsverzeichnisEinmal alle Kontinente bereisenEuropaAsienAfrikaAmerika Einmal alle Kontinente bereisen F\u00fcr einige Menschen ist es das ausgemachte Ziel, einmal alle Kontinente bereist zu haben. Andere wollen&hellip;&nbsp;<a href=\"https:\/\/auf-achse-sein.de\/update-weltreise\/kontinente\/\" class=\"\" rel=\"bookmark\">Weiterlesen &raquo;<span class=\"screen-reader-text\">Kontinente<\/span><\/a><\/p>\n","protected":false},"author":1,"featured_media":0,"parent":0,"menu_order":0,"comment_status":"closed","ping_status":"closed","template":"","meta":{"neve_meta_sidebar":"full-width","neve_meta_container":"","neve_meta_enable_content_width":"on","neve_meta_content_width":100,"neve_meta_title_alignment":"","neve_meta_author_avatar":"","neve_post_elements_order":"","neve_meta_disable_header":"","neve_meta_disable_footer":"","neve_meta_disable_title":"","_ti_tpc_template_sync":false,"_ti_tpc_template_id":""},"uagb_featured_image_src":{"full":false,"thumbnail":false,"medium":false,"medium_large":false,"large":false,"1536x1536":false,"2048x2048":false,"neve-blog":false},"uagb_author_info":{"display_name":"neotin","author_link":"https:\/\/auf-achse-sein.de\/update-weltreise\/author\/neotin\/"},"uagb_comment_info":0,"uagb_excerpt":"Im Laufe der Zeit durften wir doch schon so einige Kontinente und L\u00e4nder unseres sch\u00f6nen Planeten bereisen und anschauen. Manche L\u00e4nder haben wir nur ein einziges Mal besucht, andere wiederum mehrmals. InhaltsverzeichnisEinmal alle Kontinente bereisenEuropaAsienAfrikaAmerika Einmal alle Kontinente bereisen F\u00fcr einige Menschen ist es das ausgemachte Ziel, einmal alle Kontinente bereist zu haben. Andere wollen&hellip;&nbsp;Weiterlesen&hellip;","amp_enabled":true,"_links":{"self":[{"href":"https:\/\/auf-achse-sein.de\/update-weltreise\/wp-json\/wp\/v2\/pages\/13853"}],"collection":[{"href":"https:\/\/auf-achse-sein.de\/update-weltreise\/wp-json\/wp\/v2\/pages"}],"about":[{"href":"https:\/\/auf-achse-sein.de\/update-weltreise\/wp-json\/wp\/v2\/types\/page"}],"author":[{"embeddable":true,"href":"https:\/\/auf-achse-sein.de\/update-weltreise\/wp-json\/wp\/v2\/users\/1"}],"replies":[{"embeddable":true,"href":"https:\/\/auf-achse-sein.de\/update-weltreise\/wp-json\/wp\/v2\/comments?post=13853"}],"version-history":[{"count":24,"href":"https:\/\/auf-achse-sein.de\/update-weltreise\/wp-json\/wp\/v2\/pages\/13853\/revisions"}],"predecessor-version":[{"id":13897,"href":"https:\/\/auf-achse-sein.de\/update-weltreise\/wp-json\/wp\/v2\/pages\/13853\/revisions\/13897"}],"wp:attachment":[{"href":"https:\/\/auf-achse-sein.de\/update-weltreise\/wp-json\/wp\/v2\/media?parent=13853"}],"curies":[{"name":"wp","href":"https:\/\/api.w.org\/{rel}","templated":true}]}}