{"id":123,"date":"2014-10-27T18:16:56","date_gmt":"2014-10-27T17:16:56","guid":{"rendered":"http:\/\/auf-achse-sein.de\/?page_id=123"},"modified":"2016-09-20T10:03:21","modified_gmt":"2016-09-20T08:03:21","slug":"gaestebuch","status":"publish","type":"page","link":"https:\/\/auf-achse-sein.de\/update-weltreise\/gaestebuch\/","title":{"rendered":"G\u00e4stebuch"},"content":{"rendered":"<p>Ihr m\u00f6chtet uns etwas mitteilen oder einfach nur Hallo sagen?<br \/>\nWir freuen uns \u00fcber jede Nachricht, die ihr uns hier im G\u00e4stebuch\u00a0hinterlasst.<\/p>\n","protected":false},"excerpt":{"rendered":"<p>Ihr m\u00f6chtet uns etwas mitteilen oder einfach nur Hallo sagen? Wir freuen uns \u00fcber jede Nachricht, die ihr uns hier im G\u00e4stebuch\u00a0hinterlasst.<\/p>\n","protected":false},"author":1,"featured_media":0,"parent":0,"menu_order":0,"comment_status":"open","ping_status":"open","template":"page-templates\/full-width.php","meta":{"neve_meta_sidebar":"","neve_meta_container":"","neve_meta_enable_content_width":"","neve_meta_content_width":0,"neve_meta_title_alignment":"","neve_meta_author_avatar":"","neve_post_elements_order":"","neve_meta_disable_header":"","neve_meta_disable_footer":"","neve_meta_disable_title":"","_ti_tpc_template_sync":false,"_ti_tpc_template_id":""},"uagb_featured_image_src":{"full":false,"thumbnail":false,"medium":false,"medium_large":false,"large":false,"1536x1536":false,"2048x2048":false,"neve-blog":false},"uagb_author_info":{"display_name":"neotin","author_link":"https:\/\/auf-achse-sein.de\/update-weltreise\/author\/neotin\/"},"uagb_comment_info":5,"uagb_excerpt":"Ihr m\u00f6chtet uns etwas mitteilen oder einfach nur Hallo sagen? Wir freuen uns \u00fcber jede Nachricht, die ihr uns hier im G\u00e4stebuch\u00a0hinterlasst.","amp_enabled":true,"_links":{"self":[{"href":"https:\/\/auf-achse-sein.de\/update-weltreise\/wp-json\/wp\/v2\/pages\/123"}],"collection":[{"href":"https:\/\/auf-achse-sein.de\/update-weltreise\/wp-json\/wp\/v2\/pages"}],"about":[{"href":"https:\/\/auf-achse-sein.de\/update-weltreise\/wp-json\/wp\/v2\/types\/page"}],"author":[{"embeddable":true,"href":"https:\/\/auf-achse-sein.de\/update-weltreise\/wp-json\/wp\/v2\/users\/1"}],"replies":[{"embeddable":true,"href":"https:\/\/auf-achse-sein.de\/update-weltreise\/wp-json\/wp\/v2\/comments?post=123"}],"version-history":[{"count":0,"href":"https:\/\/auf-achse-sein.de\/update-weltreise\/wp-json\/wp\/v2\/pages\/123\/revisions"}],"wp:attachment":[{"href":"https:\/\/auf-achse-sein.de\/update-weltreise\/wp-json\/wp\/v2\/media?parent=123"}],"curies":[{"name":"wp","href":"https:\/\/api.w.org\/{rel}","templated":true}]}}